{"id":12,"date":"2024-09-14T06:16:48","date_gmt":"2024-09-14T06:16:48","guid":{"rendered":"http:\/\/filterballexpert.com\/about-us\/"},"modified":"2024-10-11T08:12:53","modified_gmt":"2024-10-11T08:12:53","slug":"about-us","status":"publish","type":"page","link":"https:\/\/www.filterballexpert.com\/es\/about-us\/","title":{"rendered":"Qui\u00e9nes somos"},"content":{"rendered":"<div class=\"wp-block-uagb-container uagb-block-7dc1b7fc alignfull uagb-is-root-container\"><div class=\"uagb-container-inner-blocks-wrap\"><div class=\"wp-block-uagb-info-box uagb-block-6ca67aaa uagb-infobox__content-wrap  uagb-infobox-icon-above-title uagb-infobox-image-valign-top\"><div class=\"uagb-ifb-content\"><div class=\"uagb-ifb-title-wrap\"><h1 class=\"uagb-ifb-title\">Qui\u00e9nes somos<\/h1><\/div><p class=\"uagb-ifb-desc\">Lorem ipsum dolor sit amet, consectetur adipiscing elit. Ut elit tellus, luctus nec ullamcorper mattis, pulvinar dapibus leo.<\/p><\/div><\/div><\/div><\/div><div class=\"wp-block-uagb-container uagb-layout-grid uagb-block-32185b3e alignfull uagb-is-root-container\"><div class=\"uagb-container-inner-blocks-wrap\"><div class=\"wp-block-uagb-advanced-heading uagb-block-ebe459b6\"><h2 class=\"uagb-heading-text\">Qu\u00e9 hacemos<\/h2><\/div>\n\n<div class=\"wp-block-uagb-container uagb-block-5a04230d\"><div class=\"wp-block-uagb-advanced-heading uagb-block-6e5363ec\"><p class=\"uagb-desc-text\">Lorem ipsum dolor sit amet, consectetur adipisicing elit, sed do eiusmod tempor incididunt ut labore et dolore magna aliqua. Ut enim ad minim.<\/p><\/div><\/div><\/div><\/div><div class=\"wp-block-uagb-container uagb-block-2d219548 alignfull uagb-is-root-container\"><div class=\"uagb-container-inner-blocks-wrap\"><div class=\"wp-block-uagb-container uagb-block-0bc9897e\"><div class=\"wp-block-uagb-image alignright uagb-block-6893f831 wp-block-uagb-image--layout-default wp-block-uagb-image--effect-static wp-block-uagb-image--align-right\"><figure class=\"wp-block-uagb-image__figure\"><img decoding=\"async\" srcset=\"https:\/\/filterballexpert.com\/wp-content\/uploads\/2020\/02\/about-01-free-img.jpg \" sizes=\"auto, (max-width: 480px) 150px\" src=\"https:\/\/filterballexpert.com\/wp-content\/uploads\/2020\/02\/about-01-free-img.jpg\" alt=\"About Us Image\" class=\"uag-image-241\" width=\"816\" height=\"555\" title=\"\" loading=\"lazy\" role=\"img\"\/><\/figure><\/div><\/div>\n\n<div class=\"wp-block-uagb-container uagb-block-1ac107e0\"><div class=\"wp-block-uagb-info-box uagb-block-2879a42b uagb-infobox__content-wrap  uagb-infobox-icon-above-title uagb-infobox-image-valign-top wp-block-uagb-info-box--has-margin\"><div class=\"uagb-infobox-margin-wrapper\"><div class=\"uagb-ifb-content\"><div class=\"uagb-ifb-title-wrap\"><h3 class=\"uagb-ifb-title\">Aprenda algo cada d\u00eda<\/h3><\/div><div class=\"uagb-ifb-separator\"><\/div><p class=\"uagb-ifb-desc\">Quis nostrud exercitation ullamco laboris nisi ut aliquip ex ea commodo consequat. Duis aute irure dolor in reprehenderit in voluptate velit esse cillum dolore eu fugiat.<\/p><\/div><\/div><\/div>\n\n<div class=\"wp-block-uagb-info-box uagb-block-6d6772f4 uagb-infobox__content-wrap  uagb-infobox-icon-above-title uagb-infobox-image-valign-top wp-block-uagb-info-box--has-margin\"><div class=\"uagb-infobox-margin-wrapper\"><div class=\"uagb-ifb-content\"><div class=\"uagb-ifb-title-wrap\"><h5 class=\"uagb-ifb-title-prefix\">Bobby Harris<\/h5><h6 class=\"uagb-ifb-title\">Fundador<\/h6><\/div><\/div><\/div><\/div>\n\n<div class=\"wp-block-uagb-image alignleft uagb-block-08dd867a wp-block-uagb-image--layout-default wp-block-uagb-image--effect-static wp-block-uagb-image--align-left\"><figure class=\"wp-block-uagb-image__figure\"><img decoding=\"async\" srcset=\"https:\/\/filterballexpert.com\/wp-content\/uploads\/2020\/02\/signature-free-img.png \" sizes=\"auto, (max-width: 480px) 150px\" src=\"https:\/\/filterballexpert.com\/wp-content\/uploads\/2020\/02\/signature-free-img.png\" alt=\"Signature Image\" class=\"uag-image-239\" width=\"80\" height=\"77\" title=\"\" loading=\"lazy\" role=\"img\"\/><\/figure><\/div>\n\n<div class=\"wp-block-uagb-image alignright uagb-block-65b8519f wp-block-uagb-image--layout-default wp-block-uagb-image--effect-static wp-block-uagb-image--align-right\"><figure class=\"wp-block-uagb-image__figure\"><img decoding=\"async\" srcset=\"https:\/\/filterballexpert.com\/wp-content\/uploads\/2024\/09\/pattern-v-123x300-1.png ,https:\/\/filterballexpert.com\/wp-content\/uploads\/2024\/09\/pattern-v-123x300-1.png 780w, https:\/\/filterballexpert.com\/wp-content\/uploads\/2022\/09\/pattern-v.png 360w\" sizes=\"auto, (max-width: 480px) 150px\" src=\"https:\/\/filterballexpert.com\/wp-content\/uploads\/2024\/09\/pattern-v-123x300-1.png\" alt=\"\" class=\"uag-image-1231\" width=\"123\" height=\"300\" title=\"\" loading=\"lazy\" role=\"img\"\/><\/figure><\/div><\/div><\/div><\/div><p><\/p><div class=\"wp-block-group alignfull is-content-justification-center is-layout-constrained wp-container-core-group-is-layout-1 wp-block-group-is-layout-constrained\" style=\"margin-top:0;margin-bottom:0;padding-top:calc( 0.5 * var(--wp--style--root--padding-right, var(--wp--custom--gap--horizontal)));padding-right:var(--wp--style--root--padding-right, var(--wp--custom--gap--horizontal));padding-bottom:calc( 0.5 * var(--wp--style--root--padding-right, var(--wp--custom--gap--horizontal)));padding-left:var(--wp--style--root--padding-left, var(--wp--custom--gap--horizontal))\"><div style=\"height:calc( 0.25 * var(--wp--style--root--padding-right, var(--wp--custom--gap--horizontal)))\" aria-hidden=\"true\" class=\"wp-block-spacer\"><\/div>\n\n<div class=\"wp-block-columns alignwide are-vertically-aligned-center is-layout-flex wp-container-core-columns-is-layout-1 wp-block-columns-is-layout-flex\"><div class=\"wp-block-column is-vertically-aligned-center is-layout-flow wp-block-column-is-layout-flow\"><figure class=\"wp-block-image size-full\"><img decoding=\"async\" src=\"http:\/\/filterballexpert.com\/wp-content\/plugins\/woocommerce\/assets\/images\/pattern-placeholders\/drinkware-liquid-tableware-dishware-bottle-fluid.jpg\" alt=\"\" class=\"wp-image-13699\" style=\"aspect-ratio:1;object-fit:cover\"\/><\/figure><\/div>\n\n<div class=\"wp-block-column is-vertically-aligned-center is-layout-flow wp-block-column-is-layout-flow\"><h2 class=\"wp-block-heading alignwide\">Comprometidos con un estilo de vida m\u00e1s ecol\u00f3gico<\/h2>\n\n<p>Nuestra pasi\u00f3n es crear momentos conscientes con productos ecol\u00f3gicos, sostenibles y de origen local. Somos m\u00e1s que una tienda: somos tu camino hacia un estilo de vida ecol\u00f3gico, impulsado por la comunidad y de calidad superior.<\/p>\n\n<div class=\"wp-block-buttons is-layout-flex wp-block-buttons-is-layout-flex\"><div class=\"wp-block-button\"><a class=\"wp-block-button__link wp-element-button\">Con\u00f3cenos<\/a><\/div><\/div><\/div><\/div>\n\n<p><\/p>\n\n<p><\/p><\/div><p><\/p><p><\/p><p><\/p><div class=\"wp-block-uagb-container uagb-layout-grid uagb-block-1f0d8306 alignfull uagb-is-root-container\"><div class=\"uagb-container-inner-blocks-wrap\"><div class=\"wp-block-uagb-info-box uagb-block-9456afb9 uagb-infobox__content-wrap  uagb-infobox-icon-above-title uagb-infobox-image-valign-top wp-block-uagb-info-box--has-margin\"><div class=\"uagb-infobox-margin-wrapper\"><div class=\"uagb-ifb-content\"><div class=\"uagb-ifb-title-wrap\"><h6 class=\"uagb-ifb-title-prefix\">Nuestra visi\u00f3n<\/h6><h3 class=\"uagb-ifb-title\"><font style=\"vertical-align: inherit;\"><font style=\"vertical-align: inherit;\">Qui\u00e9nes somos<\/font><\/font><\/h3><\/div><\/div><\/div><\/div>\n\n<div class=\"wp-block-uagb-container uagb-block-45a39983\"><div class=\"wp-block-uagb-info-box uagb-block-f12780da uagb-infobox__content-wrap  uagb-infobox-icon-above-title uagb-infobox-image-valign-top wp-block-uagb-info-box--has-margin\"><div class=\"uagb-infobox-margin-wrapper\"><div class=\"uagb-ifb-content\"><div class=\"uagb-ifb-title-wrap\"><h4 class=\"uagb-ifb-title\">\"Es imposible que un hombre aprenda lo que cree que ya sabe\".<\/h4><\/div><p class=\"uagb-ifb-desc\">Lorem ipsum dolor sit amet, consectetur adipisicing elit, sed do eiusmod tempor incididunt ut labore et dolore magna aliqua. Ut enim ad minim.<\/p><\/div><\/div><\/div>\n\n<div class=\"wp-block-uagb-container uagb-block-62485920\"><div class=\"wp-block-uagb-advanced-heading uagb-block-e974cbb4\"><p class=\"uagb-desc-text\">Lorem ipsum dolor sit amet, consectetur adipisicing elit, sed do eiusmod tempor incididunt ut labore et dolore magna aliqua. Ut enim ad minim veniam, quis nostrud exercitation ullamco laboris nisi ut aliquip ex ea commodo consequat. Duis aute irure dolor in reprehenderit in voluptate velit esse cillum dolore eu fugiat nulla pariatur. Excepteur sint occaecat cupidatat<\/p><\/div>\n\n<div class=\"wp-block-uagb-advanced-heading uagb-block-9d1b65a4\"><p class=\"uagb-desc-text\">non proident, sunt in culpa qui officia deserunt mollit anim id est laborum. Sed ut perspiciatis unde omnis iste natus error sit voluptatem accusantium doloremque laudantium, totam rem aperiam, eaque ipsa quae ab illo inventore veritatis et quasi architecto beatae vitae dicta sunt explicabo. Nemo enim ipsam voluptatem quia voluptas<\/p><\/div><\/div><\/div><\/div><\/div><div class=\"wp-block-uagb-container uagb-block-ab12716c alignfull uagb-is-root-container\"><div class=\"uagb-container-inner-blocks-wrap\"><div class=\"wp-block-uagb-info-box uagb-block-e96596a1 uagb-infobox__content-wrap  uagb-infobox-icon-left uagb-infobox-left uagb-infobox-image-valign-top wp-block-uagb-info-box--has-margin\"><div class=\"uagb-infobox-margin-wrapper\"><div class=\"uagb-ifb-icon-wrap\"><div class=\"uagb-iconbox-icon-wrap uagb-infobox-shape-circle\"><svg xmlns=\"https:\/\/www.w3.org\/2000\/svg\" viewbox=\"0 0 576 512\"><path d=\"M576 136c0 22.09-17.91 40-40 40c-.248 0-.4551-.1266-.7031-.1305l-50.52 277.9C482 468.9 468.8 480 453.3 480H122.7c-15.46 0-28.72-11.06-31.48-26.27L40.71 175.9C40.46 175.9 40.25 176 39.1 176c-22.09 0-40-17.91-40-40S17.91 96 39.1 96s40 17.91 40 40c0 8.998-3.521 16.89-8.537 23.57l89.63 71.7c15.91 12.73 39.5 7.544 48.61-10.68l57.6-115.2C255.1 98.34 247.1 86.34 247.1 72C247.1 49.91 265.9 32 288 32s39.1 17.91 39.1 40c0 14.34-7.963 26.34-19.3 33.4l57.6 115.2c9.111 18.22 32.71 23.4 48.61 10.68l89.63-71.7C499.5 152.9 496 144.1 496 136C496 113.9 513.9 96 536 96S576 113.9 576 136z\"><\/path><\/svg><\/div><\/div><div class=\"uagb-ifb-content\"><div class=\"uagb-ifb-title-wrap\"><h5 class=\"uagb-ifb-title\">Aprenda de los l\u00edderes del sector<\/h5><\/div><p class=\"uagb-ifb-desc\">Lorem ipsum dolor sit amet, consectetur adipiscing elit. Ut elit tellus, luctus nec ullamcorper.<\/p><\/div><\/div><\/div>\n\n<div class=\"wp-block-uagb-info-box uagb-block-06bb8ded uagb-infobox__content-wrap  uagb-infobox-icon-left uagb-infobox-left uagb-infobox-image-valign-top wp-block-uagb-info-box--has-margin\"><div class=\"uagb-infobox-margin-wrapper\"><div class=\"uagb-ifb-icon-wrap\"><div class=\"uagb-iconbox-icon-wrap uagb-infobox-shape-circle\"><svg xmlns=\"https:\/\/www.w3.org\/2000\/svg\" viewbox=\"0 0 512 512\"><path d=\"M256 512C114.6 512 0 397.4 0 256C0 114.6 114.6 0 256 0C397.4 0 512 114.6 512 256C512 397.4 397.4 512 256 512zM232 256C232 264 236 271.5 242.7 275.1L338.7 339.1C349.7 347.3 364.6 344.3 371.1 333.3C379.3 322.3 376.3 307.4 365.3 300L280 243.2V120C280 106.7 269.3 96 255.1 96C242.7 96 231.1 106.7 231.1 120L232 256z\"><\/path><\/svg><\/div><\/div><div class=\"uagb-ifb-content\"><div class=\"uagb-ifb-title-wrap\"><h5 class=\"uagb-ifb-title\">Aprenda a su ritmo<\/h5><\/div><p class=\"uagb-ifb-desc\">Lorem ipsum dolor sit amet, consectetur adipiscing elit. Ut elit tellus, luctus nec ullamcorper.<\/p><\/div><\/div><\/div>\n\n<div class=\"wp-block-uagb-info-box uagb-block-4602dec4 uagb-infobox__content-wrap  uagb-infobox-icon-left uagb-infobox-left uagb-infobox-image-valign-top wp-block-uagb-info-box--has-margin\"><div class=\"uagb-infobox-margin-wrapper\"><div class=\"uagb-ifb-icon-wrap\"><div class=\"uagb-iconbox-icon-wrap uagb-infobox-shape-circle\"><svg xmlns=\"https:\/\/www.w3.org\/2000\/svg\" viewbox=\"0 0 448 512\"><path d=\"M448 336v-288C448 21.49 426.5 0 400 0H96C42.98 0 0 42.98 0 96v320c0 53.02 42.98 96 96 96h320c17.67 0 32-14.33 32-31.1c0-11.72-6.607-21.52-16-27.1v-81.36C441.8 362.8 448 350.2 448 336zM143.1 128h192C344.8 128 352 135.2 352 144C352 152.8 344.8 160 336 160H143.1C135.2 160 128 152.8 128 144C128 135.2 135.2 128 143.1 128zM143.1 192h192C344.8 192 352 199.2 352 208C352 216.8 344.8 224 336 224H143.1C135.2 224 128 216.8 128 208C128 199.2 135.2 192 143.1 192zM384 448H96c-17.67 0-32-14.33-32-32c0-17.67 14.33-32 32-32h288V448z\"><\/path><\/svg><\/div><\/div><div class=\"uagb-ifb-content\"><div class=\"uagb-ifb-title-wrap\"><h5 class=\"uagb-ifb-title\">Certificaci\u00f3n profesional<\/h5><\/div><p class=\"uagb-ifb-desc\">Lorem ipsum dolor sit amet, consectetur adipiscing elit. Ut elit tellus, luctus nec ullamcorper.<\/p><\/div><\/div><\/div><\/div><\/div><div class=\"wp-block-uagb-container uagb-block-998e0462 alignfull uagb-is-root-container\"><div class=\"uagb-container-inner-blocks-wrap\"><div class=\"wp-block-uagb-advanced-heading uagb-block-18ecde37\"><h2 class=\"uagb-heading-text\">\u00danete a nuestra comunidad<\/h2><p class=\"uagb-desc-text\">Introduzca su direcci\u00f3n de correo electr\u00f3nico para suscribirse a nuestro bolet\u00edn peri\u00f3dico.<\/p><\/div>\n\n<div class=\"wp-block-uagb-forms uagb-forms__outer-wrap uagb-block-4f06f983 uagb-forms__medium-btn uagb-forms-inline-field uagb-forms-button-desk-width-25 uagb-forms-column-gap-5 uagb-forms-button-mobile-width-100\"><form class=\"uagb-forms-main-form\" method=\"post\" autocomplete=\"on\" name=\"uagb-form-4f06f983\" action=\"\"><div class=\"wp-block-uagb-forms-email uagb-forms-email-wrap uagb-forms-field-set uagb-block-daffbb07 uagb-forms-field-desk-width-66 uagb-forms-field-mobile-width-100\"><div class=\"uagb-forms-email-label required uagb-forms-input-label\" id=\"daffbb07\">Correo electr\u00f3nico<\/div><input type=\"email\" class=\"uagb-forms-email-input uagb-forms-input\" placeholder=\"Introduzca su direcci\u00f3n de correo electr\u00f3nico\" required name=\"daffbb07\" autocomplete=\"email\"\/><\/div><div class=\"uagb-forms-form-hidden-data\"><input type=\"hidden\" class=\"uagb_forms_form_label\" value=\"Spectra Form\"\/><input type=\"hidden\" class=\"uagb_forms_form_id\" value=\"uagb-form-4f06f983\"\/><\/div><div class=\"uagb-form-reacaptcha-error-4f06f983\"><\/div><div class=\"uagb-forms-main-submit-button-wrap wp-block-button\"><button class=\"uagb-forms-main-submit-button wp-block-button__link\"><div class=\"uagb-forms-main-submit-button-text\">SUSCRIBETE<\/div><\/button><\/div><input type=\"hidden\" name=\"trp-form-language\" value=\"es\"\/><\/form><div class=\"uagb-forms-success-message-4f06f983 uagb-forms-submit-message-hide\"><span>El formulario se ha enviado correctamente.<\/span><\/div><div class=\"uagb-forms-failed-message-4f06f983 uagb-forms-submit-message-hide\"><span>Se ha producido un error al enviar el formulario. Por favor, compruebe de nuevo todos los campos del formulario.<\/span><\/div><\/div><\/div><\/div>","protected":false},"excerpt":{"rendered":"<p>What We&#8217;re All About\u200b Lorem ipsum dolor sit amet, consectetur adipisicing elit, sed do eiusmod tempor incididunt ut labore et dolore magna aliqua. Ut enim ad minim. Committed to a greener lifestyle Our passion is crafting mindful moments with locally sourced, organic, and sustainable products. We&#8217;re more than a store; we&#8217;re your path to a [&hellip;]<\/p>","protected":false},"author":1,"featured_media":0,"parent":0,"menu_order":0,"comment_status":"closed","ping_status":"closed","template":"","meta":{"_uag_custom_page_level_css":"","site-sidebar-layout":"no-sidebar","site-content-layout":"plain-container","ast-site-content-layout":"full-width-container","site-content-style":"unboxed","site-sidebar-style":"unboxed","ast-global-header-display":"","ast-banner-title-visibility":"","ast-main-header-display":"","ast-hfb-above-header-display":"","ast-hfb-below-header-display":"","ast-hfb-mobile-header-display":"","site-post-title":"disabled","ast-breadcrumbs-content":"disabled","ast-featured-img":"disabled","footer-sml-layout":"","theme-transparent-header-meta":"enabled","adv-header-id-meta":"","stick-header-meta":"","header-above-stick-meta":"","header-main-stick-meta":"","header-below-stick-meta":"","astra-migrate-meta-layouts":"set","ast-page-background-enabled":"default","ast-page-background-meta":{"desktop":{"background-color":"","background-image":"","background-repeat":"repeat","background-position":"center center","background-size":"auto","background-attachment":"scroll","background-type":"","background-media":"","overlay-type":"","overlay-color":"","overlay-opacity":"","overlay-gradient":""},"tablet":{"background-color":"","background-image":"","background-repeat":"repeat","background-position":"center center","background-size":"auto","background-attachment":"scroll","background-type":"","background-media":"","overlay-type":"","overlay-color":"","overlay-opacity":"","overlay-gradient":""},"mobile":{"background-color":"","background-image":"","background-repeat":"repeat","background-position":"center center","background-size":"auto","background-attachment":"scroll","background-type":"","background-media":"","overlay-type":"","overlay-color":"","overlay-opacity":"","overlay-gradient":""}},"ast-content-background-meta":{"desktop":{"background-color":"var(--ast-global-color-5)","background-image":"","background-repeat":"repeat","background-position":"center center","background-size":"auto","background-attachment":"scroll","background-type":"","background-media":"","overlay-type":"","overlay-color":"","overlay-opacity":"","overlay-gradient":""},"tablet":{"background-color":"var(--ast-global-color-5)","background-image":"","background-repeat":"repeat","background-position":"center center","background-size":"auto","background-attachment":"scroll","background-type":"","background-media":"","overlay-type":"","overlay-color":"","overlay-opacity":"","overlay-gradient":""},"mobile":{"background-color":"var(--ast-global-color-5)","background-image":"","background-repeat":"repeat","background-position":"center center","background-size":"auto","background-attachment":"scroll","background-type":"","background-media":"","overlay-type":"","overlay-color":"","overlay-opacity":"","overlay-gradient":""}},"footnotes":""},"class_list":["post-12","page","type-page","status-publish","hentry"],"yoast_head":"<!-- This site is optimized with the Yoast SEO plugin v23.7 - https:\/\/yoast.com\/wordpress\/plugins\/seo\/ -->\n<title>About Us -<\/title>\n<meta name=\"robots\" content=\"index, follow, max-snippet:-1, max-image-preview:large, max-video-preview:-1\" \/>\n<link rel=\"canonical\" href=\"https:\/\/www.filterballexpert.com\/es\/about-us\/\" \/>\n<meta property=\"og:locale\" content=\"es_ES\" \/>\n<meta property=\"og:type\" content=\"article\" \/>\n<meta property=\"og:title\" content=\"About Us -\" \/>\n<meta property=\"og:description\" content=\"What We&#8217;re All About\u200b Lorem ipsum dolor sit amet, consectetur adipisicing elit, sed do eiusmod tempor incididunt ut labore et dolore magna aliqua. Ut enim ad minim. Committed to a greener lifestyle Our passion is crafting mindful moments with locally sourced, organic, and sustainable products. We&#8217;re more than a store; we&#8217;re your path to a [&hellip;]\" \/>\n<meta property=\"og:url\" content=\"https:\/\/www.filterballexpert.com\/es\/about-us\/\" \/>\n<meta property=\"article:modified_time\" content=\"2024-10-11T08:12:53+00:00\" \/>\n<meta property=\"og:image\" content=\"http:\/\/filterballexpert.com\/wp-content\/uploads\/2020\/02\/about-01-free-img.jpg\" \/>\n<meta name=\"twitter:card\" content=\"summary_large_image\" \/>\n<meta name=\"twitter:label1\" content=\"Tiempo de lectura\" \/>\n\t<meta name=\"twitter:data1\" content=\"3 minutos\" \/>\n<script type=\"application\/ld+json\" class=\"yoast-schema-graph\">{\"@context\":\"https:\/\/schema.org\",\"@graph\":[{\"@type\":\"WebPage\",\"@id\":\"https:\/\/www.filterballexpert.com\/about-us\/\",\"url\":\"https:\/\/www.filterballexpert.com\/about-us\/\",\"name\":\"About Us -\",\"isPartOf\":{\"@id\":\"https:\/\/filterballexpert.com\/es\/#website\"},\"primaryImageOfPage\":{\"@id\":\"https:\/\/www.filterballexpert.com\/about-us\/#primaryimage\"},\"image\":{\"@id\":\"https:\/\/www.filterballexpert.com\/about-us\/#primaryimage\"},\"thumbnailUrl\":\"http:\/\/filterballexpert.com\/wp-content\/uploads\/2020\/02\/about-01-free-img.jpg\",\"datePublished\":\"2024-09-14T06:16:48+00:00\",\"dateModified\":\"2024-10-11T08:12:53+00:00\",\"breadcrumb\":{\"@id\":\"https:\/\/www.filterballexpert.com\/about-us\/#breadcrumb\"},\"inLanguage\":\"es\",\"potentialAction\":[{\"@type\":\"ReadAction\",\"target\":[\"https:\/\/www.filterballexpert.com\/about-us\/\"]}]},{\"@type\":\"ImageObject\",\"inLanguage\":\"es\",\"@id\":\"https:\/\/www.filterballexpert.com\/about-us\/#primaryimage\",\"url\":\"http:\/\/filterballexpert.com\/wp-content\/uploads\/2020\/02\/about-01-free-img.jpg\",\"contentUrl\":\"http:\/\/filterballexpert.com\/wp-content\/uploads\/2020\/02\/about-01-free-img.jpg\"},{\"@type\":\"BreadcrumbList\",\"@id\":\"https:\/\/www.filterballexpert.com\/about-us\/#breadcrumb\",\"itemListElement\":[{\"@type\":\"ListItem\",\"position\":1,\"name\":\"Home\",\"item\":\"https:\/\/filterballexpert.com\/es\/\"},{\"@type\":\"ListItem\",\"position\":2,\"name\":\"About Us\"}]},{\"@type\":\"WebSite\",\"@id\":\"https:\/\/filterballexpert.com\/es\/#website\",\"url\":\"https:\/\/filterballexpert.com\/es\/\",\"name\":\"\",\"description\":\"\",\"potentialAction\":[{\"@type\":\"SearchAction\",\"target\":{\"@type\":\"EntryPoint\",\"urlTemplate\":\"https:\/\/filterballexpert.com\/es\/?s={search_term_string}\"},\"query-input\":{\"@type\":\"PropertyValueSpecification\",\"valueRequired\":true,\"valueName\":\"search_term_string\"}}],\"inLanguage\":\"es\"}]}<\/script>\n<!-- \/ Yoast SEO plugin. -->","yoast_head_json":{"title":"About Us -","robots":{"index":"index","follow":"follow","max-snippet":"max-snippet:-1","max-image-preview":"max-image-preview:large","max-video-preview":"max-video-preview:-1"},"canonical":"https:\/\/www.filterballexpert.com\/es\/about-us\/","og_locale":"es_ES","og_type":"article","og_title":"About Us -","og_description":"What We&#8217;re All About\u200b Lorem ipsum dolor sit amet, consectetur adipisicing elit, sed do eiusmod tempor incididunt ut labore et dolore magna aliqua. Ut enim ad minim. Committed to a greener lifestyle Our passion is crafting mindful moments with locally sourced, organic, and sustainable products. We&#8217;re more than a store; we&#8217;re your path to a [&hellip;]","og_url":"https:\/\/www.filterballexpert.com\/es\/about-us\/","article_modified_time":"2024-10-11T08:12:53+00:00","og_image":[{"url":"http:\/\/filterballexpert.com\/wp-content\/uploads\/2020\/02\/about-01-free-img.jpg"}],"twitter_card":"summary_large_image","twitter_misc":{"Tiempo de lectura":"3 minutos"},"schema":{"@context":"https:\/\/schema.org","@graph":[{"@type":"WebPage","@id":"https:\/\/www.filterballexpert.com\/about-us\/","url":"https:\/\/www.filterballexpert.com\/about-us\/","name":"About Us -","isPartOf":{"@id":"https:\/\/filterballexpert.com\/es\/#website"},"primaryImageOfPage":{"@id":"https:\/\/www.filterballexpert.com\/about-us\/#primaryimage"},"image":{"@id":"https:\/\/www.filterballexpert.com\/about-us\/#primaryimage"},"thumbnailUrl":"http:\/\/filterballexpert.com\/wp-content\/uploads\/2020\/02\/about-01-free-img.jpg","datePublished":"2024-09-14T06:16:48+00:00","dateModified":"2024-10-11T08:12:53+00:00","breadcrumb":{"@id":"https:\/\/www.filterballexpert.com\/about-us\/#breadcrumb"},"inLanguage":"es","potentialAction":[{"@type":"ReadAction","target":["https:\/\/www.filterballexpert.com\/about-us\/"]}]},{"@type":"ImageObject","inLanguage":"es","@id":"https:\/\/www.filterballexpert.com\/about-us\/#primaryimage","url":"http:\/\/filterballexpert.com\/wp-content\/uploads\/2020\/02\/about-01-free-img.jpg","contentUrl":"http:\/\/filterballexpert.com\/wp-content\/uploads\/2020\/02\/about-01-free-img.jpg"},{"@type":"BreadcrumbList","@id":"https:\/\/www.filterballexpert.com\/about-us\/#breadcrumb","itemListElement":[{"@type":"ListItem","position":1,"name":"Home","item":"https:\/\/filterballexpert.com\/es\/"},{"@type":"ListItem","position":2,"name":"About Us"}]},{"@type":"WebSite","@id":"https:\/\/filterballexpert.com\/es\/#website","url":"https:\/\/filterballexpert.com\/es\/","name":"","description":"","potentialAction":[{"@type":"SearchAction","target":{"@type":"EntryPoint","urlTemplate":"https:\/\/filterballexpert.com\/es\/?s={search_term_string}"},"query-input":{"@type":"PropertyValueSpecification","valueRequired":true,"valueName":"search_term_string"}}],"inLanguage":"es"}]}},"uagb_featured_image_src":{"full":false,"thumbnail":false,"medium":false,"medium_large":false,"large":false,"1536x1536":false,"2048x2048":false,"trp-custom-language-flag":false,"woocommerce_thumbnail":false,"woocommerce_single":false,"woocommerce_gallery_thumbnail":false,"dgwt-wcas-product-suggestion":false},"uagb_author_info":{"display_name":"user","author_link":"https:\/\/www.filterballexpert.com\/es\/author\/user\/"},"uagb_comment_info":0,"uagb_excerpt":"What We&#8217;re All About\u200b Lorem ipsum dolor sit amet, consectetur adipisicing elit, sed do eiusmod tempor incididunt ut labore et dolore magna aliqua. Ut enim ad minim. Committed to a greener lifestyle Our passion is crafting mindful moments with locally sourced, organic, and sustainable products. We&#8217;re more than a store; we&#8217;re your path to a&hellip;","_links":{"self":[{"href":"https:\/\/www.filterballexpert.com\/es\/wp-json\/wp\/v2\/pages\/12","targetHints":{"allow":["GET"]}}],"collection":[{"href":"https:\/\/www.filterballexpert.com\/es\/wp-json\/wp\/v2\/pages"}],"about":[{"href":"https:\/\/www.filterballexpert.com\/es\/wp-json\/wp\/v2\/types\/page"}],"author":[{"embeddable":true,"href":"https:\/\/www.filterballexpert.com\/es\/wp-json\/wp\/v2\/users\/1"}],"replies":[{"embeddable":true,"href":"https:\/\/www.filterballexpert.com\/es\/wp-json\/wp\/v2\/comments?post=12"}],"version-history":[{"count":23,"href":"https:\/\/www.filterballexpert.com\/es\/wp-json\/wp\/v2\/pages\/12\/revisions"}],"predecessor-version":[{"id":3695,"href":"https:\/\/www.filterballexpert.com\/es\/wp-json\/wp\/v2\/pages\/12\/revisions\/3695"}],"wp:attachment":[{"href":"https:\/\/www.filterballexpert.com\/es\/wp-json\/wp\/v2\/media?parent=12"}],"curies":[{"name":"wp","href":"https:\/\/api.w.org\/{rel}","templated":true}]}}