{"id":3992,"date":"2024-10-25T07:52:34","date_gmt":"2024-10-25T07:52:34","guid":{"rendered":"http:\/\/filterballexpert.com\/?post_type=product&#038;p=3992"},"modified":"2024-10-25T07:52:34","modified_gmt":"2024-10-25T07:52:34","slug":"aitus","status":"publish","type":"product","link":"https:\/\/www.filterballexpert.com\/es\/product\/aitus\/","title":{"rendered":"AiTuS"},"content":{"rendered":"<p>Shandong Hengxing New Energy Technology Co., Ltd. se adhiere al concepto de protecci\u00f3n medioambiental de los viajes ecol\u00f3gicos, centr\u00e1ndose en la investigaci\u00f3n, el desarrollo y la promoci\u00f3n de modelos de vanguardia como los veh\u00edculos de baja velocidad Guangxin Energy y las motocicletas el\u00e9ctricas.<br \/>\nContamos con una avanzada tecnolog\u00eda de producci\u00f3n y un estricto sistema de control de calidad, con un excelente rendimiento del producto y una calidad fiable. Como socio, disfrutar\u00e1 de las siguientes generosas ventajas:<br \/>\n1. Los precios altamente competitivos de las agencias le garantizan amplios m\u00e1rgenes de beneficio.<br \/>\n2. Apoyo integral a la promoci\u00f3n en el mercado, que incluye materiales publicitarios, planificaci\u00f3n de actividades de promoci\u00f3n en l\u00ednea y fuera de l\u00ednea, as\u00ed como la formulaci\u00f3n y ejecuci\u00f3n de estrategias de promoci\u00f3n de la marca, como la configuraci\u00f3n de la imagen de marca en mercados clave, la participaci\u00f3n en exposiciones de renombre internacional para mejorar el conocimiento de la marca, etc.<br \/>\n3. Un equipo profesional de posventa proporciona asistencia t\u00e9cnica y servicio posventa oportunos y eficientes para usted y sus clientes.<br \/>\n4. La formaci\u00f3n regular en ventas y la orientaci\u00f3n comercial te ayudar\u00e1n a mejorar tus habilidades comerciales y a expandirte a mercados m\u00e1s amplios.<br \/>\nInvitamos cordialmente a personas con conocimientos de todo el mundo a convertirse en nuestros agentes en el extranjero y trabajar juntos para promover un nuevo cap\u00edtulo en los viajes ecol\u00f3gicos. Si le apasiona este tema y est\u00e1 deseoso de cooperar, no dude en ponerse en contacto con nosotros a trav\u00e9s de WhatsApp en+8618668900609. \u00a1Esperamos crear brillantez con usted!<\/p>","protected":false},"excerpt":{"rendered":"<ul class=\"wp-block-list\">\n<li style=\"list-style-type: none;\">\n<ul class=\"wp-block-list\">\n<li>Dimensiones del veh\u00edculo (mm):3700*1700*1650<\/li>\n<\/ul>\n<\/li>\n<\/ul>\n<p><!-- \/wp:list-item --><\/p>\n<p><!-- wp:list-item --><\/p>\n<ul class=\"wp-block-list\">\n<li style=\"list-style-type: none;\">\n<ul class=\"wp-block-list\">\n<li>Potencia del motor: 3500-5000W<\/li>\n<\/ul>\n<\/li>\n<\/ul>\n<p><!-- \/wp:list-item --><\/p>\n<p><!-- wp:list-item --><\/p>\n<ul class=\"wp-block-list\">\n<li style=\"list-style-type: none;\">\n<ul class=\"wp-block-list\">\n<li>Sistema de frenado: freno de disco<\/li>\n<\/ul>\n<\/li>\n<\/ul>\n<p><!-- \/wp:list-item --><\/p>\n<p><!-- wp:list-item --><\/p>\n<ul class=\"wp-block-list\">\n<li style=\"list-style-type: none;\">\n<ul class=\"wp-block-list\">\n<li>Material de la rueda: Cubo de rueda de aluminio<\/li>\n<\/ul>\n<\/li>\n<\/ul>\n<p><!-- \/wp:list-item --><\/p>\n<p><!-- wp:list-item --><\/p>\n<ul class=\"wp-block-list\">\n<li style=\"list-style-type: none;\">\n<ul class=\"wp-block-list\">\n<li>Especificaci\u00f3n de neum\u00e1ticos: 175\/70R13<\/li>\n<\/ul>\n<\/li>\n<\/ul>\n<p><!-- \/wp:list-item --><\/p>\n<p><!-- wp:list-item --><\/p>\n<ul class=\"wp-block-list\">\n<li style=\"list-style-type: none;\">\n<ul class=\"wp-block-list\">\n<li>Velocidad: 45-60km\/h<\/li>\n<\/ul>\n<\/li>\n<\/ul>\n<p><!-- \/wp:list-item --><\/p>\n<p><!-- wp:list-item --><\/p>\n<ul class=\"wp-block-list\">\n<li style=\"list-style-type: none;\">\n<ul class=\"wp-block-list\">\n<li>Bater\u00eda: Bater\u00eda de plomo\/bater\u00eda de litio<\/li>\n<\/ul>\n<\/li>\n<\/ul>\n<p><!-- \/wp:list-item --><\/p>\n<p><!-- wp:list-item --><\/p>\n<ul class=\"wp-block-list\">\n<li style=\"list-style-type: none;\">\n<ul class=\"wp-block-list\">\n<li>Alcance: 80-350 km<\/li>\n<\/ul>\n<\/li>\n<\/ul>\n<p><!-- \/wp:list-item --><\/p>\n<p><!-- wp:list-item --><\/p>\n<ul class=\"wp-block-list\">\n<li>Opcional: aire acondicionado, generador de coche<\/li>\n<\/ul>","protected":false},"featured_media":3994,"comment_status":"open","ping_status":"closed","template":"","meta":{"_uag_custom_page_level_css":"","site-sidebar-layout":"default","site-content-layout":"","ast-site-content-layout":"default","site-content-style":"default","site-sidebar-style":"default","ast-global-header-display":"","ast-banner-title-visibility":"","ast-main-header-display":"","ast-hfb-above-header-display":"","ast-hfb-below-header-display":"","ast-hfb-mobile-header-display":"","site-post-title":"","ast-breadcrumbs-content":"","ast-featured-img":"","footer-sml-layout":"","theme-transparent-header-meta":"default","adv-header-id-meta":"","stick-header-meta":"","header-above-stick-meta":"","header-main-stick-meta":"","header-below-stick-meta":"","astra-migrate-meta-layouts":"set","ast-page-background-enabled":"default","ast-page-background-meta":{"desktop":{"background-color":"","background-image":"","background-repeat":"repeat","background-position":"center center","background-size":"auto","background-attachment":"scroll","background-type":"","background-media":"","overlay-type":"","overlay-color":"","overlay-opacity":"","overlay-gradient":""},"tablet":{"background-color":"","background-image":"","background-repeat":"repeat","background-position":"center center","background-size":"auto","background-attachment":"scroll","background-type":"","background-media":"","overlay-type":"","overlay-color":"","overlay-opacity":"","overlay-gradient":""},"mobile":{"background-color":"","background-image":"","background-repeat":"repeat","background-position":"center center","background-size":"auto","background-attachment":"scroll","background-type":"","background-media":"","overlay-type":"","overlay-color":"","overlay-opacity":"","overlay-gradient":""}},"ast-content-background-meta":{"desktop":{"background-color":"var(--ast-global-color-5)","background-image":"","background-repeat":"repeat","background-position":"center center","background-size":"auto","background-attachment":"scroll","background-type":"","background-media":"","overlay-type":"","overlay-color":"","overlay-opacity":"","overlay-gradient":""},"tablet":{"background-color":"var(--ast-global-color-5)","background-image":"","background-repeat":"repeat","background-position":"center center","background-size":"auto","background-attachment":"scroll","background-type":"","background-media":"","overlay-type":"","overlay-color":"","overlay-opacity":"","overlay-gradient":""},"mobile":{"background-color":"var(--ast-global-color-5)","background-image":"","background-repeat":"repeat","background-position":"center center","background-size":"auto","background-attachment":"scroll","background-type":"","background-media":"","overlay-type":"","overlay-color":"","overlay-opacity":"","overlay-gradient":""}}},"product_cat":[15,109,119],"product_tag":[],"class_list":{"0":"post-3992","1":"product","2":"type-product","3":"status-publish","4":"has-post-thumbnail","6":"product_cat-uncategorized","7":"product_cat-electric-vehicle","8":"product_cat-low-speed-four-wheel-vehicle","9":"desktop-align-left","10":"tablet-align-left","11":"mobile-align-left","13":"first","14":"instock","15":"shipping-taxable","16":"product-type-simple"},"yoast_head":"<!-- This site is optimized with the Yoast SEO plugin v23.7 - https:\/\/yoast.com\/wordpress\/plugins\/seo\/ -->\n<title>AiTuS -<\/title>\n<meta name=\"robots\" content=\"index, follow, max-snippet:-1, max-image-preview:large, max-video-preview:-1\" \/>\n<link rel=\"canonical\" href=\"https:\/\/www.filterballexpert.com\/es\/producto\/aitus\/\" \/>\n<meta property=\"og:locale\" content=\"es_ES\" \/>\n<meta property=\"og:type\" content=\"article\" \/>\n<meta property=\"og:title\" content=\"AiTuS -\" \/>\n<meta property=\"og:description\" content=\"Vehicle dimensions (mm):3700*1700*1650            Motor power: 3500-5000W            Braking system: disc brake            Wheel material: Aluminum wheel hub            Tire specification: 175\/70R13            Speed: 45-60km\/h            Battery: Lead acid battery\/Lithium battery            Range: 80-350km         Optional: air conditioning, car generator\" \/>\n<meta property=\"og:url\" content=\"https:\/\/www.filterballexpert.com\/es\/producto\/aitus\/\" \/>\n<meta property=\"og:image\" content=\"https:\/\/www.filterballexpert.com\/wp-content\/uploads\/2024\/10\/AiTuS.png\" \/>\n\t<meta property=\"og:image:width\" content=\"1080\" \/>\n\t<meta property=\"og:image:height\" content=\"1080\" \/>\n\t<meta property=\"og:image:type\" content=\"image\/png\" \/>\n<meta name=\"twitter:card\" content=\"summary_large_image\" \/>\n<meta name=\"twitter:label1\" content=\"Tiempo de lectura\" \/>\n\t<meta name=\"twitter:data1\" content=\"1 minuto\" \/>\n<script type=\"application\/ld+json\" class=\"yoast-schema-graph\">{\"@context\":\"https:\/\/schema.org\",\"@graph\":[{\"@type\":\"WebPage\",\"@id\":\"https:\/\/www.filterballexpert.com\/ru\/product\/aitus\/\",\"url\":\"https:\/\/www.filterballexpert.com\/ru\/product\/aitus\/\",\"name\":\"AiTuS -\",\"isPartOf\":{\"@id\":\"https:\/\/filterballexpert.com\/es\/#website\"},\"primaryImageOfPage\":{\"@id\":\"https:\/\/www.filterballexpert.com\/ru\/product\/aitus\/#primaryimage\"},\"image\":{\"@id\":\"https:\/\/www.filterballexpert.com\/ru\/product\/aitus\/#primaryimage\"},\"thumbnailUrl\":\"https:\/\/www.filterballexpert.com\/wp-content\/uploads\/2024\/10\/AiTuS.png\",\"datePublished\":\"2024-10-25T07:52:34+00:00\",\"dateModified\":\"2024-10-25T07:52:34+00:00\",\"breadcrumb\":{\"@id\":\"https:\/\/www.filterballexpert.com\/ru\/product\/aitus\/#breadcrumb\"},\"inLanguage\":\"es\",\"potentialAction\":[{\"@type\":\"ReadAction\",\"target\":[\"https:\/\/www.filterballexpert.com\/ru\/product\/aitus\/\"]}]},{\"@type\":\"ImageObject\",\"inLanguage\":\"es\",\"@id\":\"https:\/\/www.filterballexpert.com\/ru\/product\/aitus\/#primaryimage\",\"url\":\"https:\/\/www.filterballexpert.com\/wp-content\/uploads\/2024\/10\/AiTuS.png\",\"contentUrl\":\"https:\/\/www.filterballexpert.com\/wp-content\/uploads\/2024\/10\/AiTuS.png\",\"width\":1080,\"height\":1080},{\"@type\":\"BreadcrumbList\",\"@id\":\"https:\/\/www.filterballexpert.com\/ru\/product\/aitus\/#breadcrumb\",\"itemListElement\":[{\"@type\":\"ListItem\",\"position\":1,\"name\":\"Home\",\"item\":\"https:\/\/filterballexpert.com\/es\/\"},{\"@type\":\"ListItem\",\"position\":2,\"name\":\"Products\",\"item\":\"https:\/\/www.filterballexpert.com\/es\/shop\/\"},{\"@type\":\"ListItem\",\"position\":3,\"name\":\"AiTuS\"}]},{\"@type\":\"WebSite\",\"@id\":\"https:\/\/filterballexpert.com\/es\/#website\",\"url\":\"https:\/\/filterballexpert.com\/es\/\",\"name\":\"\",\"description\":\"\",\"potentialAction\":[{\"@type\":\"SearchAction\",\"target\":{\"@type\":\"EntryPoint\",\"urlTemplate\":\"https:\/\/filterballexpert.com\/es\/?s={search_term_string}\"},\"query-input\":{\"@type\":\"PropertyValueSpecification\",\"valueRequired\":true,\"valueName\":\"search_term_string\"}}],\"inLanguage\":\"es\"}]}<\/script>\n<!-- \/ Yoast SEO plugin. -->","yoast_head_json":{"title":"AiTuS -","robots":{"index":"index","follow":"follow","max-snippet":"max-snippet:-1","max-image-preview":"max-image-preview:large","max-video-preview":"max-video-preview:-1"},"canonical":"https:\/\/www.filterballexpert.com\/es\/producto\/aitus\/","og_locale":"es_ES","og_type":"article","og_title":"AiTuS -","og_description":"Vehicle dimensions (mm):3700*1700*1650            Motor power: 3500-5000W            Braking system: disc brake            Wheel material: Aluminum wheel hub            Tire specification: 175\/70R13            Speed: 45-60km\/h            Battery: Lead acid battery\/Lithium battery            Range: 80-350km         Optional: air conditioning, car generator","og_url":"https:\/\/www.filterballexpert.com\/es\/producto\/aitus\/","og_image":[{"width":1080,"height":1080,"url":"https:\/\/www.filterballexpert.com\/wp-content\/uploads\/2024\/10\/AiTuS.png","type":"image\/png"}],"twitter_card":"summary_large_image","twitter_misc":{"Tiempo de lectura":"1 minuto"},"schema":{"@context":"https:\/\/schema.org","@graph":[{"@type":"WebPage","@id":"https:\/\/www.filterballexpert.com\/ru\/product\/aitus\/","url":"https:\/\/www.filterballexpert.com\/ru\/product\/aitus\/","name":"AiTuS -","isPartOf":{"@id":"https:\/\/filterballexpert.com\/es\/#website"},"primaryImageOfPage":{"@id":"https:\/\/www.filterballexpert.com\/ru\/product\/aitus\/#primaryimage"},"image":{"@id":"https:\/\/www.filterballexpert.com\/ru\/product\/aitus\/#primaryimage"},"thumbnailUrl":"https:\/\/www.filterballexpert.com\/wp-content\/uploads\/2024\/10\/AiTuS.png","datePublished":"2024-10-25T07:52:34+00:00","dateModified":"2024-10-25T07:52:34+00:00","breadcrumb":{"@id":"https:\/\/www.filterballexpert.com\/ru\/product\/aitus\/#breadcrumb"},"inLanguage":"es","potentialAction":[{"@type":"ReadAction","target":["https:\/\/www.filterballexpert.com\/ru\/product\/aitus\/"]}]},{"@type":"ImageObject","inLanguage":"es","@id":"https:\/\/www.filterballexpert.com\/ru\/product\/aitus\/#primaryimage","url":"https:\/\/www.filterballexpert.com\/wp-content\/uploads\/2024\/10\/AiTuS.png","contentUrl":"https:\/\/www.filterballexpert.com\/wp-content\/uploads\/2024\/10\/AiTuS.png","width":1080,"height":1080},{"@type":"BreadcrumbList","@id":"https:\/\/www.filterballexpert.com\/ru\/product\/aitus\/#breadcrumb","itemListElement":[{"@type":"ListItem","position":1,"name":"Home","item":"https:\/\/filterballexpert.com\/es\/"},{"@type":"ListItem","position":2,"name":"Products","item":"https:\/\/www.filterballexpert.com\/es\/shop\/"},{"@type":"ListItem","position":3,"name":"AiTuS"}]},{"@type":"WebSite","@id":"https:\/\/filterballexpert.com\/es\/#website","url":"https:\/\/filterballexpert.com\/es\/","name":"","description":"","potentialAction":[{"@type":"SearchAction","target":{"@type":"EntryPoint","urlTemplate":"https:\/\/filterballexpert.com\/es\/?s={search_term_string}"},"query-input":{"@type":"PropertyValueSpecification","valueRequired":true,"valueName":"search_term_string"}}],"inLanguage":"es"}]}},"uagb_featured_image_src":{"full":["https:\/\/www.filterballexpert.com\/wp-content\/uploads\/2024\/10\/AiTuS.png",1080,1080,false],"thumbnail":["https:\/\/www.filterballexpert.com\/wp-content\/uploads\/2024\/10\/AiTuS-150x150.png",150,150,true],"medium":["https:\/\/www.filterballexpert.com\/wp-content\/uploads\/2024\/10\/AiTuS-300x300.png",300,300,true],"medium_large":["https:\/\/www.filterballexpert.com\/wp-content\/uploads\/2024\/10\/AiTuS-768x768.png",768,768,true],"large":["https:\/\/www.filterballexpert.com\/wp-content\/uploads\/2024\/10\/AiTuS-1024x1024.png",1024,1024,true],"1536x1536":["https:\/\/www.filterballexpert.com\/wp-content\/uploads\/2024\/10\/AiTuS.png",1080,1080,false],"2048x2048":["https:\/\/www.filterballexpert.com\/wp-content\/uploads\/2024\/10\/AiTuS.png",1080,1080,false],"trp-custom-language-flag":["https:\/\/www.filterballexpert.com\/wp-content\/uploads\/2024\/10\/AiTuS-12x12.png",12,12,true],"woocommerce_thumbnail":["https:\/\/www.filterballexpert.com\/wp-content\/uploads\/2024\/10\/AiTuS-300x300.png",300,300,true],"woocommerce_single":["https:\/\/www.filterballexpert.com\/wp-content\/uploads\/2024\/10\/AiTuS-600x600.png",600,600,true],"woocommerce_gallery_thumbnail":["https:\/\/www.filterballexpert.com\/wp-content\/uploads\/2024\/10\/AiTuS-100x100.png",100,100,true],"dgwt-wcas-product-suggestion":["https:\/\/www.filterballexpert.com\/wp-content\/uploads\/2024\/10\/AiTuS.png",64,64,false]},"uagb_author_info":{"display_name":"user","author_link":"https:\/\/www.filterballexpert.com\/es\/author\/"},"uagb_comment_info":0,"uagb_excerpt":"Vehicle dimensions (mm):3700*1700*1650 Motor power: 3500-5000W Braking system: disc brake Wheel material: Aluminum wheel hub Tire specification: 175\/70R13 Speed: 45-60km\/h Battery: Lead acid battery\/Lithium battery Range: 80-350km Optional: air conditioning, car generator","_links":{"self":[{"href":"https:\/\/www.filterballexpert.com\/es\/wp-json\/wp\/v2\/product\/3992","targetHints":{"allow":["GET"]}}],"collection":[{"href":"https:\/\/www.filterballexpert.com\/es\/wp-json\/wp\/v2\/product"}],"about":[{"href":"https:\/\/www.filterballexpert.com\/es\/wp-json\/wp\/v2\/types\/product"}],"replies":[{"embeddable":true,"href":"https:\/\/www.filterballexpert.com\/es\/wp-json\/wp\/v2\/comments?post=3992"}],"wp:featuredmedia":[{"embeddable":true,"href":"https:\/\/www.filterballexpert.com\/es\/wp-json\/wp\/v2\/media\/3994"}],"wp:attachment":[{"href":"https:\/\/www.filterballexpert.com\/es\/wp-json\/wp\/v2\/media?parent=3992"}],"wp:term":[{"taxonomy":"product_cat","embeddable":true,"href":"https:\/\/www.filterballexpert.com\/es\/wp-json\/wp\/v2\/product_cat?post=3992"},{"taxonomy":"product_tag","embeddable":true,"href":"https:\/\/www.filterballexpert.com\/es\/wp-json\/wp\/v2\/product_tag?post=3992"}],"curies":[{"name":"wp","href":"https:\/\/api.w.org\/{rel}","templated":true}]}}